{"id":291,"date":"2025-12-14T20:00:05","date_gmt":"2025-12-14T19:00:05","guid":{"rendered":"https:\/\/agencemaia.com\/?page_id=291"},"modified":"2025-12-24T20:51:25","modified_gmt":"2025-12-24T19:51:25","slug":"expertises","status":"publish","type":"page","link":"https:\/\/agencemaia.com\/en\/expertises\/","title":{"rendered":"Expertises"},"content":{"rendered":"<div style=\"height:39px\" aria-hidden=\"true\" class=\"wp-block-spacer\"><\/div>\n\n\n\n<p class=\"has-text-align-center wp-block-paragraph\" style=\"letter-spacing:1px\">EXPERTISE<\/p>\n\n\n\n<h2 class=\"wp-block-heading has-text-align-center\" style=\"font-size:clamp(1.146rem, 1.146rem + ((1vw - 0.2rem) * 1.09), 1.8rem);letter-spacing:-1.4px\">We unlock your brand's potential<\/h2>\n\n\n\n<p class=\"has-text-align-center wp-block-paragraph\"> We support you at every stage of your brand\u2019s development to strengthen your presence, assert your uniqueness, and create a genuine connection with your audience. From strategic thinking to the creation of a unique visual identity, as well as impactful content that leaves a lasting impression, we do everything possible to bring a coherent, memorable, and inspiring brand to life. Your story deserves to be seen and heard. Together, let\u2019s make it shine.<\/p>\n\n\n\n<div style=\"height:12px\" aria-hidden=\"true\" class=\"wp-block-spacer\"><\/div>\n\n\n\n<div class=\"wp-block-group alignfull is-style-default has-global-padding is-content-justification-center is-layout-constrained wp-container-core-group-is-layout-d83879a9 wp-block-group-is-layout-constrained\" style=\"margin-top:0;margin-bottom:0;padding-top:var(--wp--preset--spacing--50);padding-bottom:var(--wp--preset--spacing--50)\">\n<div class=\"wp-block-group alignwide is-layout-flow wp-block-group-is-layout-flow\" style=\"margin-top:0;margin-bottom:0\">\n<div class=\"wp-block-group alignwide is-layout-flow wp-block-group-is-layout-flow\">\n<div style=\"height:20px\" aria-hidden=\"true\" class=\"wp-block-spacer\"><\/div>\n\n\n\n<div class=\"wp-block-columns alignwide is-layout-flex wp-container-core-columns-is-layout-58dc98b9 wp-block-columns-is-layout-flex\">\n<div class=\"wp-block-column is-layout-flow wp-container-core-column-is-layout-c6aab7f7 wp-block-column-is-layout-flow\">\n<div class=\"wp-block-group is-layout-flow wp-container-core-group-is-layout-9a0fd1a4 wp-block-group-is-layout-flow\">\n<figure class=\"wp-block-image size-large is-resized wp-duotone-unset-1\"><img data-recalc-dims=\"1\" loading=\"lazy\" decoding=\"async\" width=\"2754\" height=\"1549\" data-attachment-id=\"315\" data-permalink=\"https:\/\/agencemaia.com\/en\/andreas-kretschmer-hytced13dcs-unsplash-6\/\" data-orig-file=\"https:\/\/i0.wp.com\/agencemaia.com\/wp-content\/uploads\/2025\/12\/andreas-kretschmer-hytced13dcs-unsplash-edited-4.jpg?fit=2754%2C1549&amp;ssl=1\" data-orig-size=\"2754,1549\" data-comments-opened=\"1\" data-image-meta=\"{&quot;aperture&quot;:&quot;0&quot;,&quot;credit&quot;:&quot;&quot;,&quot;camera&quot;:&quot;&quot;,&quot;caption&quot;:&quot;&quot;,&quot;created_timestamp&quot;:&quot;0&quot;,&quot;copyright&quot;:&quot;&quot;,&quot;focal_length&quot;:&quot;0&quot;,&quot;iso&quot;:&quot;0&quot;,&quot;shutter_speed&quot;:&quot;0&quot;,&quot;title&quot;:&quot;&quot;,&quot;orientation&quot;:&quot;0&quot;}\" data-image-title=\"andreas-kretschmer-HyTcED13dcs-unsplash\" data-image-description=\"\" data-image-caption=\"\" data-large-file=\"https:\/\/i0.wp.com\/agencemaia.com\/wp-content\/uploads\/2025\/12\/andreas-kretschmer-hytced13dcs-unsplash-edited-4.jpg?fit=1024%2C576&amp;ssl=1\" src=\"https:\/\/i0.wp.com\/agencemaia.com\/wp-content\/uploads\/2025\/12\/andreas-kretschmer-hytced13dcs-unsplash-edited-4.jpg?resize=2754%2C1549\" alt=\"\" class=\"wp-image-315\" style=\"aspect-ratio:1;object-fit:cover;width:auto;height:500px\"\/><\/figure>\n\n\n\n<div class=\"wp-block-group is-vertical is-nowrap is-layout-flex wp-container-core-group-is-layout-6907f419 wp-block-group-is-layout-flex\">\n<div style=\"height:8px\" aria-hidden=\"true\" class=\"wp-block-spacer wp-container-content-7d115344\"><\/div>\n\n\n\n<h3 class=\"wp-block-heading is-service-name\" style=\"font-size:clamp(1.146rem, 1.146rem + ((1vw - 0.2rem) * 1.09), 1.8rem);font-style:normal;font-weight:300;letter-spacing:-1.4px\">Brand Identity<\/h3>\n\n\n\n<p class=\"has-small-font-size wp-block-paragraph\"><\/p>\n\n\n\n<p class=\"is-service-description wp-block-paragraph\">We bring an authentic and memorable identity to life: logos, colors, typography, tone of voice, graphic universe. Everything that makes your brand distinctive, consistent, and recognizable in the minds of your audience.<\/p>\n\n\n\n<p class=\"is-service-description wp-block-paragraph\"><\/p>\n\n\n\n<p class=\"wp-block-paragraph\" style=\"letter-spacing:1px\"><a href=\"https:\/\/agencemaia.com\/en\/identitedemarque\/\">LEARN MORE<\/a><\/p>\n\n\n\n<div style=\"height:37px\" aria-hidden=\"true\" class=\"wp-block-spacer wp-container-content-8a91f07f\"><\/div>\n<\/div>\n<\/div>\n<\/div>\n\n\n\n<div class=\"wp-block-column is-layout-flow wp-container-core-column-is-layout-c6aab7f7 wp-block-column-is-layout-flow\">\n<div class=\"wp-block-group is-layout-flow wp-container-core-group-is-layout-9a0fd1a4 wp-block-group-is-layout-flow\">\n<figure class=\"wp-block-image size-full is-resized wp-duotone-unset-2\"><img data-recalc-dims=\"1\" loading=\"lazy\" decoding=\"async\" width=\"1006\" height=\"930\" data-attachment-id=\"128\" data-permalink=\"https:\/\/agencemaia.com\/en\/image-de-julissa-santana\/\" data-orig-file=\"https:\/\/i0.wp.com\/agencemaia.com\/wp-content\/uploads\/2025\/12\/image-de-julissa-santana.jpg?fit=1006%2C930&amp;ssl=1\" data-orig-size=\"1006,930\" data-comments-opened=\"1\" data-image-meta=\"{&quot;aperture&quot;:&quot;0&quot;,&quot;credit&quot;:&quot;&quot;,&quot;camera&quot;:&quot;&quot;,&quot;caption&quot;:&quot;&quot;,&quot;created_timestamp&quot;:&quot;0&quot;,&quot;copyright&quot;:&quot;&quot;,&quot;focal_length&quot;:&quot;0&quot;,&quot;iso&quot;:&quot;0&quot;,&quot;shutter_speed&quot;:&quot;0&quot;,&quot;title&quot;:&quot;&quot;,&quot;orientation&quot;:&quot;1&quot;}\" data-image-title=\"Image de Julissa Santana\" data-image-description=\"\" data-image-caption=\"\" data-large-file=\"https:\/\/i0.wp.com\/agencemaia.com\/wp-content\/uploads\/2025\/12\/image-de-julissa-santana.jpg?fit=1006%2C930&amp;ssl=1\" src=\"https:\/\/i0.wp.com\/agencemaia.com\/wp-content\/uploads\/2025\/12\/image-de-julissa-santana.jpg?resize=1006%2C930&#038;ssl=1\" alt=\"\" class=\"wp-image-128\" style=\"aspect-ratio:1;object-fit:cover;width:auto;height:500px\"\/><\/figure>\n\n\n\n<div class=\"wp-block-group is-vertical is-nowrap is-layout-flex wp-container-core-group-is-layout-6907f419 wp-block-group-is-layout-flex\">\n<div style=\"height:7px\" aria-hidden=\"true\" class=\"wp-block-spacer wp-container-content-22f7c694\"><\/div>\n\n\n\n<h3 class=\"wp-block-heading is-service-name\" style=\"font-size:clamp(1.146rem, 1.146rem + ((1vw - 0.2rem) * 1.09), 1.8rem);letter-spacing:-1.4px\">Web Design &amp; Development&nbsp;<\/h3>\n\n\n\n<p class=\"has-small-font-size wp-block-paragraph\"><\/p>\n\n\n\n<p class=\"is-service-description wp-block-paragraph\">We create elegant, immersive, and intuitive websites designed to deliver a seamless user experience. Each site is crafted to reflect your identity, capture attention, encourage action, and optimize your online performance.<\/p>\n\n\n\n<p class=\"wp-block-paragraph\"><\/p>\n\n\n\n<p class=\"wp-block-paragraph\" style=\"letter-spacing:1px\"><a href=\"https:\/\/agencemaia.com\/en\/designweb\/\">LEARN MORE<\/a><\/p>\n\n\n\n<div style=\"height:38px\" aria-hidden=\"true\" class=\"wp-block-spacer wp-container-content-81dc8709\"><\/div>\n<\/div>\n<\/div>\n<\/div>\n\n\n\n<div class=\"wp-block-column is-layout-flow wp-container-core-column-is-layout-c6aab7f7 wp-block-column-is-layout-flow\">\n<div class=\"wp-block-group is-layout-flow wp-container-core-group-is-layout-9a0fd1a4 wp-block-group-is-layout-flow\">\n<figure class=\"wp-block-image size-full is-resized wp-duotone-unset-3\"><img loading=\"lazy\" decoding=\"async\" width=\"5912\" height=\"8869\" data-attachment-id=\"940\" data-permalink=\"https:\/\/agencemaia.com\/en\/agnieszka-stankiewicz-ddv9rppmgpk-unsplash-1-4\/\" data-orig-file=\"https:\/\/agencemaia.com\/wp-content\/uploads\/2025\/12\/agnieszka-stankiewicz-ddv9rppmgpk-unsplash-1-3.avif\" data-orig-size=\"5912,8869\" data-comments-opened=\"1\" data-image-meta=\"{&quot;aperture&quot;:&quot;0&quot;,&quot;credit&quot;:&quot;&quot;,&quot;camera&quot;:&quot;&quot;,&quot;caption&quot;:&quot;&quot;,&quot;created_timestamp&quot;:&quot;0&quot;,&quot;copyright&quot;:&quot;&quot;,&quot;focal_length&quot;:&quot;0&quot;,&quot;iso&quot;:&quot;0&quot;,&quot;shutter_speed&quot;:&quot;0&quot;,&quot;title&quot;:&quot;&quot;,&quot;orientation&quot;:&quot;0&quot;}\" data-image-title=\"agnieszka-stankiewicz-ddv9rppmgpk-unsplash-1\" data-image-description=\"\" data-image-caption=\"\" data-large-file=\"https:\/\/agencemaia.com\/wp-content\/uploads\/2025\/12\/agnieszka-stankiewicz-ddv9rppmgpk-unsplash-1-3-683x1024.avif\" src=\"https:\/\/agencemaia.com\/wp-content\/uploads\/2025\/12\/agnieszka-stankiewicz-ddv9rppmgpk-unsplash-1-3.avif\" alt=\"\" class=\"wp-image-940\" style=\"aspect-ratio:1;object-fit:cover;width:auto;height:500px\" srcset=\"https:\/\/agencemaia.com\/wp-content\/uploads\/2025\/12\/agnieszka-stankiewicz-ddv9rppmgpk-unsplash-1-3.avif 5912w, https:\/\/agencemaia.com\/wp-content\/uploads\/2025\/12\/agnieszka-stankiewicz-ddv9rppmgpk-unsplash-1-3-200x300.avif 200w, https:\/\/agencemaia.com\/wp-content\/uploads\/2025\/12\/agnieszka-stankiewicz-ddv9rppmgpk-unsplash-1-3-683x1024.avif 683w, https:\/\/agencemaia.com\/wp-content\/uploads\/2025\/12\/agnieszka-stankiewicz-ddv9rppmgpk-unsplash-1-3-768x1152.avif 768w, https:\/\/agencemaia.com\/wp-content\/uploads\/2025\/12\/agnieszka-stankiewicz-ddv9rppmgpk-unsplash-1-3-1024x1536.avif 1024w, https:\/\/agencemaia.com\/wp-content\/uploads\/2025\/12\/agnieszka-stankiewicz-ddv9rppmgpk-unsplash-1-3-1365x2048.avif 1365w, https:\/\/agencemaia.com\/wp-content\/uploads\/2025\/12\/agnieszka-stankiewicz-ddv9rppmgpk-unsplash-1-3-8x12.avif 8w, https:\/\/agencemaia.com\/wp-content\/uploads\/2025\/12\/agnieszka-stankiewicz-ddv9rppmgpk-unsplash-1-3.avif 2000w, https:\/\/agencemaia.com\/wp-content\/uploads\/2025\/12\/agnieszka-stankiewicz-ddv9rppmgpk-unsplash-1-3.avif 3000w\" sizes=\"auto, (max-width: 1000px) 100vw, 1000px\" \/><\/figure>\n\n\n\n<div class=\"wp-block-group is-vertical is-nowrap is-layout-flex wp-container-core-group-is-layout-6907f419 wp-block-group-is-layout-flex\">\n<div style=\"height:10px\" aria-hidden=\"true\" class=\"wp-block-spacer wp-container-content-728072c3\"><\/div>\n\n\n\n<h3 class=\"wp-block-heading is-service-name\" style=\"font-size:clamp(1.146rem, 1.146rem + ((1vw - 0.2rem) * 1.09), 1.8rem);letter-spacing:-1.4px\">\u00c0 la Carte<\/h3>\n\n\n\n<p class=\"wp-block-paragraph\"><\/p>\n\n\n\n<p class=\"has-small-font-size wp-block-paragraph\">For greater flexibility, we also offer individual \u00e0 la carte services. Each element can be selected separately, based on your specific needs and priorities, to provide you with a fully customized solution.<\/p>\n\n\n\n<p class=\"wp-block-paragraph\"><\/p>\n\n\n\n<p class=\"wp-block-paragraph\" style=\"letter-spacing:1px\"><a href=\"https:\/\/agencemaia.com\/en\/alacarte\/\">LEARN MORE<\/a><\/p>\n<\/div>\n<\/div>\n<\/div>\n<\/div>\n<\/div>\n<\/div>\n<\/div>\n\n\n\n<div style=\"height:44px\" aria-hidden=\"true\" class=\"wp-block-spacer\"><\/div>\n\n\n\n<div class=\"wp-block-group alignfull has-base-2-background-color has-background has-global-padding is-layout-constrained wp-container-core-group-is-layout-647e357b wp-block-group-is-layout-constrained\" style=\"margin-top:0;margin-bottom:0;padding-top:var(--wp--preset--spacing--50);padding-right:var(--wp--preset--spacing--60);padding-bottom:var(--wp--preset--spacing--50);padding-left:var(--wp--preset--spacing--60)\">\n<div class=\"wp-block-group alignwide is-layout-flow wp-block-group-is-layout-flow\">\n<p class=\"has-text-align-center has-cormorant-font-family wp-block-paragraph\" style=\"font-size:clamp(1.146rem, 1.146rem + ((1vw - 0.2rem) * 1.09), 1.8rem);letter-spacing:-1.4px\">Let\u2019s build your success story, together<\/p>\n\n\n\n<p class=\"has-text-align-center wp-block-paragraph\">We are committed to delivering outstanding results through a fully customized, bespoke visual universe. Let us support you in the evolution of a brand you can be proud of.<\/p>\n\n\n\n<p class=\"has-text-align-center wp-block-paragraph\" style=\"letter-spacing:1px\"><a href=\"https:\/\/agencemaia.com\/en\/contact\/\">ACCELERATE YOUR VISIBILITY<\/a><\/p>\n<\/div>\n\n\n\n<div style=\"height:26px\" aria-hidden=\"true\" class=\"wp-block-spacer\"><\/div>\n<\/div>\n\n\n\n<p class=\"wp-block-paragraph\"><\/p>","protected":false},"excerpt":{"rendered":"<p>EXPERTISES Nous r\u00e9v\u00e9lons le potentiel de votre marque Nous vous accompagnons \u00e0 chaque \u00e9tape du d\u00e9veloppement de votre marque afin de renforcer votre pr\u00e9sence, affirmer votre diff\u00e9rence et cr\u00e9er un lien r\u00e9el avec votre audience. De la r\u00e9flexion strat\u00e9gique \u00e0 la cr\u00e9ation d\u2019une identit\u00e9 visuelle unique, en passant par des contenus qui marquent les esprits, [&hellip;]<\/p>\n","protected":false},"author":274946237,"featured_media":0,"parent":0,"menu_order":2,"comment_status":"closed","ping_status":"closed","template":"","meta":{"_crdt_document":"","footnotes":""},"class_list":["post-291","page","type-page","status-publish","hentry"],"yoast_head":"<!-- This site is optimized with the Yoast SEO plugin v27.5 - https:\/\/yoast.com\/product\/yoast-seo-wordpress\/ -->\n<title>Expertises - Agence Maia<\/title>\n<meta name=\"robots\" content=\"index, follow, max-snippet:-1, max-image-preview:large, max-video-preview:-1\" \/>\n<link rel=\"canonical\" href=\"https:\/\/agencemaia.com\/en\/expertises\/\" \/>\n<meta property=\"og:locale\" content=\"en_GB\" \/>\n<meta property=\"og:type\" content=\"article\" \/>\n<meta property=\"og:title\" content=\"Expertises - Agence Maia\" \/>\n<meta property=\"og:description\" content=\"EXPERTISES Nous r\u00e9v\u00e9lons le potentiel de votre marque Nous vous accompagnons \u00e0 chaque \u00e9tape du d\u00e9veloppement de votre marque afin de renforcer votre pr\u00e9sence, affirmer votre diff\u00e9rence et cr\u00e9er un lien r\u00e9el avec votre audience. De la r\u00e9flexion strat\u00e9gique \u00e0 la cr\u00e9ation d\u2019une identit\u00e9 visuelle unique, en passant par des contenus qui marquent les esprits, [&hellip;]\" \/>\n<meta property=\"og:url\" content=\"https:\/\/agencemaia.com\/en\/expertises\/\" \/>\n<meta property=\"og:site_name\" content=\"Agence Maia\" \/>\n<meta property=\"article:modified_time\" content=\"2025-12-24T19:51:25+00:00\" \/>\n<meta name=\"twitter:card\" content=\"summary_large_image\" \/>\n<meta name=\"twitter:label1\" content=\"Estimated reading time\" \/>\n\t<meta name=\"twitter:data1\" content=\"2 minutes\" \/>\n<script type=\"application\/ld+json\" class=\"yoast-schema-graph\">{\"@context\":\"https:\\\/\\\/schema.org\",\"@graph\":[{\"@type\":\"WebPage\",\"@id\":\"https:\\\/\\\/agencemaia.com\\\/expertises\\\/\",\"url\":\"https:\\\/\\\/agencemaia.com\\\/expertises\\\/\",\"name\":\"Expertises - Agence Maia\",\"isPartOf\":{\"@id\":\"https:\\\/\\\/agencemaia.com\\\/#website\"},\"datePublished\":\"2025-12-14T19:00:05+00:00\",\"dateModified\":\"2025-12-24T19:51:25+00:00\",\"breadcrumb\":{\"@id\":\"https:\\\/\\\/agencemaia.com\\\/expertises\\\/#breadcrumb\"},\"inLanguage\":\"en-GB\",\"potentialAction\":[{\"@type\":\"ReadAction\",\"target\":[\"https:\\\/\\\/agencemaia.com\\\/expertises\\\/\"]}]},{\"@type\":\"BreadcrumbList\",\"@id\":\"https:\\\/\\\/agencemaia.com\\\/expertises\\\/#breadcrumb\",\"itemListElement\":[{\"@type\":\"ListItem\",\"position\":1,\"name\":\"Accueil\",\"item\":\"https:\\\/\\\/agencemaia.com\\\/\"},{\"@type\":\"ListItem\",\"position\":2,\"name\":\"Expertises\"}]},{\"@type\":\"WebSite\",\"@id\":\"https:\\\/\\\/agencemaia.com\\\/#website\",\"url\":\"https:\\\/\\\/agencemaia.com\\\/\",\"name\":\"Agence Maia\",\"description\":\"Nous aidons les entreprises \u00e0 raconter leur histoire \u00e0 travers des strat\u00e9gies audacieuses, des designs forts et des contenus qui captivent.\",\"publisher\":{\"@id\":\"https:\\\/\\\/agencemaia.com\\\/#organization\"},\"potentialAction\":[{\"@type\":\"SearchAction\",\"target\":{\"@type\":\"EntryPoint\",\"urlTemplate\":\"https:\\\/\\\/agencemaia.com\\\/?s={search_term_string}\"},\"query-input\":{\"@type\":\"PropertyValueSpecification\",\"valueRequired\":true,\"valueName\":\"search_term_string\"}}],\"inLanguage\":\"en-GB\"},{\"@type\":\"Organization\",\"@id\":\"https:\\\/\\\/agencemaia.com\\\/#organization\",\"name\":\"Agence Maia\",\"url\":\"https:\\\/\\\/agencemaia.com\\\/\",\"logo\":{\"@type\":\"ImageObject\",\"inLanguage\":\"en-GB\",\"@id\":\"https:\\\/\\\/agencemaia.com\\\/#\\\/schema\\\/logo\\\/image\\\/\",\"url\":\"https:\\\/\\\/i0.wp.com\\\/agencemaia.com\\\/wp-content\\\/uploads\\\/2025\\\/12\\\/Logo.png?fit=375%2C374&ssl=1\",\"contentUrl\":\"https:\\\/\\\/i0.wp.com\\\/agencemaia.com\\\/wp-content\\\/uploads\\\/2025\\\/12\\\/Logo.png?fit=375%2C374&ssl=1\",\"width\":375,\"height\":374,\"caption\":\"Agence Maia\"},\"image\":{\"@id\":\"https:\\\/\\\/agencemaia.com\\\/#\\\/schema\\\/logo\\\/image\\\/\"}}]}<\/script>\n<!-- \/ Yoast SEO plugin. -->","yoast_head_json":{"title":"Expertises - Agence Maia","robots":{"index":"index","follow":"follow","max-snippet":"max-snippet:-1","max-image-preview":"max-image-preview:large","max-video-preview":"max-video-preview:-1"},"canonical":"https:\/\/agencemaia.com\/en\/expertises\/","og_locale":"en_GB","og_type":"article","og_title":"Expertises - Agence Maia","og_description":"EXPERTISES Nous r\u00e9v\u00e9lons le potentiel de votre marque Nous vous accompagnons \u00e0 chaque \u00e9tape du d\u00e9veloppement de votre marque afin de renforcer votre pr\u00e9sence, affirmer votre diff\u00e9rence et cr\u00e9er un lien r\u00e9el avec votre audience. De la r\u00e9flexion strat\u00e9gique \u00e0 la cr\u00e9ation d\u2019une identit\u00e9 visuelle unique, en passant par des contenus qui marquent les esprits, [&hellip;]","og_url":"https:\/\/agencemaia.com\/en\/expertises\/","og_site_name":"Agence Maia","article_modified_time":"2025-12-24T19:51:25+00:00","twitter_card":"summary_large_image","twitter_misc":{"Estimated reading time":"2 minutes"},"schema":{"@context":"https:\/\/schema.org","@graph":[{"@type":"WebPage","@id":"https:\/\/agencemaia.com\/expertises\/","url":"https:\/\/agencemaia.com\/expertises\/","name":"Expertises - Agence Maia","isPartOf":{"@id":"https:\/\/agencemaia.com\/#website"},"datePublished":"2025-12-14T19:00:05+00:00","dateModified":"2025-12-24T19:51:25+00:00","breadcrumb":{"@id":"https:\/\/agencemaia.com\/expertises\/#breadcrumb"},"inLanguage":"en-GB","potentialAction":[{"@type":"ReadAction","target":["https:\/\/agencemaia.com\/expertises\/"]}]},{"@type":"BreadcrumbList","@id":"https:\/\/agencemaia.com\/expertises\/#breadcrumb","itemListElement":[{"@type":"ListItem","position":1,"name":"Accueil","item":"https:\/\/agencemaia.com\/"},{"@type":"ListItem","position":2,"name":"Expertises"}]},{"@type":"WebSite","@id":"https:\/\/agencemaia.com\/#website","url":"https:\/\/agencemaia.com\/","name":"Agence Maia","description":"We help businesses tell their story through bold strategies, strong designs and captivating content.","publisher":{"@id":"https:\/\/agencemaia.com\/#organization"},"potentialAction":[{"@type":"SearchAction","target":{"@type":"EntryPoint","urlTemplate":"https:\/\/agencemaia.com\/?s={search_term_string}"},"query-input":{"@type":"PropertyValueSpecification","valueRequired":true,"valueName":"search_term_string"}}],"inLanguage":"en-GB"},{"@type":"Organization","@id":"https:\/\/agencemaia.com\/#organization","name":"Agence Maia","url":"https:\/\/agencemaia.com\/","logo":{"@type":"ImageObject","inLanguage":"en-GB","@id":"https:\/\/agencemaia.com\/#\/schema\/logo\/image\/","url":"https:\/\/i0.wp.com\/agencemaia.com\/wp-content\/uploads\/2025\/12\/Logo.png?fit=375%2C374&ssl=1","contentUrl":"https:\/\/i0.wp.com\/agencemaia.com\/wp-content\/uploads\/2025\/12\/Logo.png?fit=375%2C374&ssl=1","width":375,"height":374,"caption":"Agence Maia"},"image":{"@id":"https:\/\/agencemaia.com\/#\/schema\/logo\/image\/"}}]}},"jetpack_likes_enabled":true,"jetpack_sharing_enabled":true,"jetpack_shortlink":"https:\/\/wp.me\/PgZ21C-4H","jetpack-related-posts":[],"_links":{"self":[{"href":"https:\/\/agencemaia.com\/en\/wp-json\/wp\/v2\/pages\/291","targetHints":{"allow":["GET"]}}],"collection":[{"href":"https:\/\/agencemaia.com\/en\/wp-json\/wp\/v2\/pages"}],"about":[{"href":"https:\/\/agencemaia.com\/en\/wp-json\/wp\/v2\/types\/page"}],"author":[{"embeddable":true,"href":"https:\/\/agencemaia.com\/en\/wp-json\/wp\/v2\/users\/274946237"}],"replies":[{"embeddable":true,"href":"https:\/\/agencemaia.com\/en\/wp-json\/wp\/v2\/comments?post=291"}],"version-history":[{"count":17,"href":"https:\/\/agencemaia.com\/en\/wp-json\/wp\/v2\/pages\/291\/revisions"}],"predecessor-version":[{"id":1412,"href":"https:\/\/agencemaia.com\/en\/wp-json\/wp\/v2\/pages\/291\/revisions\/1412"}],"wp:attachment":[{"href":"https:\/\/agencemaia.com\/en\/wp-json\/wp\/v2\/media?parent=291"}],"curies":[{"name":"wp","href":"https:\/\/api.w.org\/{rel}","templated":true}]}}